{"id":4326,"date":"2024-11-22T15:04:58","date_gmt":"2024-11-22T14:04:58","guid":{"rendered":"https:\/\/www.dieholzhutte.com\/firmenfeier-oder-veranstaltung\/"},"modified":"2024-12-04T13:29:25","modified_gmt":"2024-12-04T12:29:25","slug":"firmenfeier-oder-veranstaltung","status":"publish","type":"page","link":"https:\/\/www.dieholzhutte.com\/de\/firmenfeier-oder-veranstaltung\/","title":{"rendered":"Firmenfeier oder Veranstaltung"},"content":{"rendered":"<p><div class=\"fusion-fullwidth fullwidth-box fusion-builder-row-1 fusion-flex-container nonhundred-percent-fullwidth non-hundred-percent-height-scrolling\" style=\"--awb-border-radius-top-left:0px;--awb-border-radius-top-right:0px;--awb-border-radius-bottom-right:0px;--awb-border-radius-bottom-left:0px;--awb-flex-wrap:wrap;\" ><div class=\"fusion-builder-row fusion-row fusion-flex-align-items-flex-start fusion-flex-content-wrap\" style=\"max-width:1430px;margin-left: calc(-4% \/ 2 );margin-right: calc(-4% \/ 2 );\"><div class=\"fusion-layout-column fusion_builder_column fusion-builder-column-0 fusion_builder_column_1_1 1_1 fusion-flex-column fusion-no-large-visibility\" style=\"--awb-bg-size:cover;--awb-width-large:100%;--awb-margin-top-large:0px;--awb-spacing-right-large:1.92%;--awb-margin-bottom-large:0px;--awb-spacing-left-large:1.92%;--awb-width-medium:100%;--awb-spacing-right-medium:1.92%;--awb-spacing-left-medium:1.92%;--awb-width-small:100%;--awb-spacing-right-small:1.92%;--awb-spacing-left-small:1.92%;\"><div class=\"fusion-column-wrapper fusion-column-has-shadow fusion-flex-justify-content-flex-start fusion-content-layout-column\"><div class=\"fusion-separator fusion-full-width-sep\" style=\"align-self: center;margin-left: auto;margin-right: auto;margin-bottom:3%;width:100%;\"><\/div><\/div><\/div><div class=\"fusion-layout-column fusion_builder_column fusion-builder-column-1 fusion_builder_column_1_2 1_2 fusion-flex-column fusion-column-inner-bg-wrapper fusion-column-hover-type-liftup fusion-column-liftup-border fusion-animated\" style=\"--awb-padding-top:110%;--awb-padding-bottom:20px;--awb-inner-bg-image:linear-gradient(180deg, rgba(0,0,0,0) 86%,hsla(var(--awb-color8-h),var(--awb-color8-s),calc( var(--awb-color8-l) + 1% ),calc( var(--awb-color8-a) - 21% )) 100%);;--awb-inner-bg-size:cover;--awb-width-large:50%;--awb-margin-top-large:0px;--awb-spacing-right-large:7.68%;--awb-margin-bottom-large:0px;--awb-spacing-left-large:3.84%;--awb-width-medium:100%;--awb-order-medium:0;--awb-spacing-right-medium:1.92%;--awb-spacing-left-medium:1.92%;--awb-width-small:100%;--awb-order-small:0;--awb-spacing-right-small:1.92%;--awb-spacing-left-small:1.92%;\" data-animationType=\"fadeInUp\" data-animationDuration=\"0.6\" data-animationOffset=\"top-into-view\" data-scroll-devices=\"small-visibility,medium-visibility,large-visibility\"><span class=\"fusion-column-inner-bg hover-type-liftup\"><span class=\"fusion-column-anchor\"><span class=\"fusion-column-inner-bg-image lazyload\" data-bg=\"https:\/\/www.dieholzhutte.com\/wp-content\/uploads\/2024\/11\/Die-Holzhutte-buitenzijde-pand-aond-naambord.jpg\" data-bg-gradient=\"linear-gradient(180deg, rgba(0,0,0,0) 86%,hsla(var(--awb-color8-h),var(--awb-color8-s),calc( var(--awb-color8-l) + 1% ),calc( var(--awb-color8-a) - 21% )) 100%)\"><\/span><\/span><\/span><div class=\"fusion-column-wrapper fusion-flex-justify-content-flex-start fusion-content-layout-column fusion-column-has-bg-image\" data-bg-url=\"https:\/\/www.dieholzhutte.com\/wp-content\/uploads\/2024\/11\/Die-Holzhutte-buitenzijde-pand-aond-naambord.jpg\"><div class=\"fusion-title title fusion-title-1 fusion-sep-none fusion-title-center fusion-title-text fusion-title-size-six\" style=\"--awb-text-color:var(--awb-color1);--awb-margin-bottom:0px;\"><h6 class=\"fusion-title-heading title-heading-center fusion-responsive-typography-calculated\" style=\"margin:0;--fontSize:15;--minFontSize:15;line-height:var(--awb-typography2-line-height);\"><\/h6><\/div><\/div><\/div><div class=\"fusion-layout-column fusion_builder_column fusion-builder-column-2 fusion_builder_column_1_2 1_2 fusion-flex-column fusion-animated\" style=\"--awb-padding-top:8%;--awb-padding-right:8%;--awb-padding-bottom:8%;--awb-bg-size:cover;--awb-width-large:50%;--awb-margin-top-large:0px;--awb-spacing-right-large:3.84%;--awb-margin-bottom-large:0px;--awb-spacing-left-large:7.68%;--awb-width-medium:100%;--awb-spacing-right-medium:1.92%;--awb-spacing-left-medium:1.92%;--awb-width-small:100%;--awb-spacing-right-small:1.92%;--awb-spacing-left-small:1.92%;\" data-animationType=\"fadeInUp\" data-animationDuration=\"1.0\" data-animationOffset=\"top-into-view\"><div class=\"fusion-column-wrapper fusion-column-has-shadow fusion-flex-justify-content-flex-start fusion-content-layout-column\"><div class=\"fusion-text fusion-text-1\"><h2>Firmenfeier oder Veranstaltung? Organisieren Sie es in Die Holzh\u00fctte<\/h2>\n<h3>Organisieren Sie eine Firmenfeier oder ein Event?<\/h3>\n<p>Die Holzh\u00fctte ist die richtige Adresse f\u00fcr eine Whiskeyverkostung, einen Spielenachmittag bis hin zu einer vollen Partynacht&#8230;. Wir arrangieren alles bis ins kleinste Detail. Jede Firmenfeier ist anders gekleidet. Da jede Firmenfeier anders ist, machen wir Ihnen gerne einen passenden Vorschlag, der Ihren W\u00fcnschen entspricht. Wir w\u00fcrden uns freuen, die M\u00f6glichkeiten in einem pers\u00f6nlichen Gespr\u00e4ch bei einer Tasse Kaffee zu besprechen. Kontaktieren Sie uns unverbindlich, <strong><a href=\"https:\/\/www.dieholzhutte.com\/de\/kontakt\/\">rufen Sie uns an<\/a><\/strong>!<\/p>\n<\/div><div class=\"fusion-separator fusion-full-width-sep\" style=\"align-self: center;margin-left: auto;margin-right: auto;margin-bottom:3%;width:100%;\"><\/div><div class=\"fusion-image-element \" style=\"text-align:right;--awb-max-width:225px;--awb-caption-title-font-family:var(--h2_typography-font-family);--awb-caption-title-font-weight:var(--h2_typography-font-weight);--awb-caption-title-font-style:var(--h2_typography-font-style);--awb-caption-title-size:var(--h2_typography-font-size);--awb-caption-title-transform:var(--h2_typography-text-transform);--awb-caption-title-line-height:var(--h2_typography-line-height);--awb-caption-title-letter-spacing:var(--h2_typography-letter-spacing);\"><span class=\" fusion-imageframe imageframe-none imageframe-1 hover-type-none\"><img decoding=\"async\" width=\"379\" height=\"162\" title=\"Familie Zwakhalen en team\" src=\"https:\/\/www.dieholzhutte.com\/wp-content\/uploads\/2024\/11\/Familie-Zwakhalen-en-team.png\" data-orig-src=\"https:\/\/www.dieholzhutte.com\/wp-content\/uploads\/2024\/11\/Familie-Zwakhalen-en-team.png\" alt class=\"lazyload img-responsive wp-image-4277\" srcset=\"data:image\/svg+xml,%3Csvg%20xmlns%3D%27http%3A%2F%2Fwww.w3.org%2F2000%2Fsvg%27%20width%3D%27379%27%20height%3D%27162%27%20viewBox%3D%270%200%20379%20162%27%3E%3Crect%20width%3D%27379%27%20height%3D%27162%27%20fill-opacity%3D%220%22%2F%3E%3C%2Fsvg%3E\" data-srcset=\"https:\/\/www.dieholzhutte.com\/wp-content\/uploads\/2024\/11\/Familie-Zwakhalen-en-team-200x85.png 200w, https:\/\/www.dieholzhutte.com\/wp-content\/uploads\/2024\/11\/Familie-Zwakhalen-en-team.png 379w\" data-sizes=\"auto\" data-orig-sizes=\"(max-width: 1024px) 100vw, (max-width: 640px) 100vw, 379px\" \/><\/span><\/div><div class=\"fusion-separator fusion-no-large-visibility fusion-full-width-sep\" style=\"align-self: center;margin-left: auto;margin-right: auto;margin-bottom:2%;width:100%;\"><\/div><\/div><\/div><\/div><\/div><div class=\"fusion-fullwidth fullwidth-box fusion-builder-row-2 fusion-flex-container hundred-percent-fullwidth non-hundred-percent-height-scrolling\" style=\"--awb-border-radius-top-left:0px;--awb-border-radius-top-right:0px;--awb-border-radius-bottom-right:0px;--awb-border-radius-bottom-left:0px;--awb-padding-top:0px;--awb-padding-right:0px;--awb-padding-bottom:0px;--awb-padding-left:0px;--awb-background-color:var(--awb-color8);--awb-flex-wrap:wrap;\" ><div class=\"fusion-builder-row fusion-row fusion-flex-align-items-stretch fusion-flex-content-wrap\" style=\"width:calc( 100% + 0px ) !important;max-width:calc( 100% + 0px ) !important;margin-left: calc(-0px \/ 2 );margin-right: calc(-0px \/ 2 );\"><div class=\"fusion-layout-column fusion_builder_column fusion-builder-column-3 fusion_builder_column_3_5 3_5 fusion-flex-column fusion-animated\" style=\"--awb-padding-top-medium:20vh;--awb-padding-bottom-medium:20vh;--awb-bg-position:center top;--awb-bg-size:cover;--awb-width-large:60%;--awb-margin-top-large:0px;--awb-spacing-right-large:0px;--awb-margin-bottom-large:0px;--awb-spacing-left-large:0px;--awb-width-medium:100%;--awb-order-medium:0;--awb-spacing-right-medium:0px;--awb-spacing-left-medium:0px;--awb-width-small:100%;--awb-order-small:0;--awb-spacing-right-small:0px;--awb-spacing-left-small:0px;\" data-animationType=\"fadeIn\" data-animationDuration=\"1.0\" data-animationOffset=\"top-into-view\" data-scroll-devices=\"small-visibility,medium-visibility,large-visibility\"><div class=\"fusion-column-wrapper lazyload fusion-column-has-shadow fusion-flex-justify-content-flex-start fusion-content-layout-column fusion-empty-column-bg-image fusion-column-has-bg-image\" data-bg-url=\"https:\/\/www.dieholzhutte.com\/wp-content\/uploads\/2024\/11\/Die-Holzhutte-voorzijde-pand-avond.jpg\" data-bg=\"https:\/\/www.dieholzhutte.com\/wp-content\/uploads\/2024\/11\/Die-Holzhutte-voorzijde-pand-avond.jpg\"><img decoding=\"async\" class=\"fusion-empty-dims-img-placeholder fusion-no-large-visibility\" aria-label=\"Die Holzhu\u0308tte voorzijde pand avond\" src=\"data:image\/svg+xml,%3Csvg%20xmlns%3D%27http%3A%2F%2Fwww.w3.org%2F2000%2Fsvg%27%20width%3D%272560%27%20height%3D%272362%27%20viewBox%3D%270%200%202560%202362%27%3E%3Crect%20width%3D%272560%27%20height%3D%272362%27%20fill-opacity%3D%220%22%2F%3E%3C%2Fsvg%3E\"><\/div><\/div><div class=\"fusion-layout-column fusion_builder_column fusion-builder-column-4 fusion_builder_column_2_5 2_5 fusion-flex-column fusion-animated\" style=\"--awb-padding-top:0px;--awb-padding-right:15%;--awb-padding-bottom:18%;--awb-padding-left:16%;--awb-bg-color:var(--awb-color8);--awb-bg-color-hover:var(--awb-color8);--awb-bg-size:cover;--awb-width-large:40%;--awb-margin-top-large:0px;--awb-spacing-right-large:0px;--awb-margin-bottom-large:0px;--awb-spacing-left-large:0px;--awb-width-medium:100%;--awb-spacing-right-medium:0px;--awb-spacing-left-medium:0px;--awb-width-small:100%;--awb-spacing-right-small:0px;--awb-spacing-left-small:0px;\" data-animationType=\"fadeInRight\" data-animationDuration=\"1.0\" data-animationOffset=\"top-into-view\"><div class=\"fusion-column-wrapper fusion-column-has-shadow fusion-flex-justify-content-flex-start fusion-content-layout-column\"><div class=\"fusion-separator fusion-no-small-visibility fusion-no-medium-visibility fusion-full-width-sep\" style=\"align-self: center;margin-left: auto;margin-right: auto;margin-top:200px;width:100%;\"><\/div><div class=\"fusion-separator fusion-no-large-visibility fusion-full-width-sep\" style=\"align-self: center;margin-left: auto;margin-right: auto;margin-top:100px;width:100%;\"><\/div><div class=\"fusion-builder-row fusion-builder-row-inner fusion-row fusion-flex-align-items-stretch fusion-flex-content-wrap\" style=\"width:calc( 100% + 0px ) !important;max-width:calc( 100% + 0px ) !important;margin-left: calc(-0px \/ 2 );margin-right: calc(-0px \/ 2 );\"><div class=\"fusion-layout-column fusion_builder_column_inner fusion-builder-nested-column-0 fusion_builder_column_inner_1_5 1_5 fusion-flex-column\" style=\"--awb-padding-right:40%;--awb-bg-size:cover;--awb-width-large:20%;--awb-margin-top-large:0px;--awb-spacing-right-large:0px;--awb-margin-bottom-large:8%;--awb-spacing-left-large:0px;--awb-width-medium:100%;--awb-spacing-right-medium:0px;--awb-spacing-left-medium:0px;--awb-width-small:100%;--awb-spacing-right-small:0px;--awb-spacing-left-small:0px;\"><div class=\"fusion-column-wrapper fusion-column-has-shadow fusion-flex-justify-content-flex-start fusion-content-layout-column\"><div class=\"fusion-separator\" style=\"align-self: flex-start;margin-right:auto;margin-top:9px;width:100%;max-width:65px;\"><div class=\"fusion-separator-border sep-single sep-solid\" style=\"--awb-height:20px;--awb-amount:20px;border-color:var(--awb-color2);border-top-width:1px;\"><\/div><\/div><\/div><\/div><div class=\"fusion-layout-column fusion_builder_column_inner fusion-builder-nested-column-1 fusion_builder_column_inner_4_5 4_5 fusion-flex-column\" style=\"--awb-bg-size:cover;--awb-width-large:80%;--awb-margin-top-large:0px;--awb-spacing-right-large:0px;--awb-margin-bottom-large:8%;--awb-spacing-left-large:0px;--awb-width-medium:100%;--awb-spacing-right-medium:0px;--awb-margin-bottom-medium:0px;--awb-spacing-left-medium:0px;--awb-width-small:100%;--awb-spacing-right-small:0px;--awb-spacing-left-small:0px;\"><div class=\"fusion-column-wrapper fusion-column-has-shadow fusion-flex-justify-content-flex-start fusion-content-layout-column\"><div class=\"fusion-title title fusion-title-2 fusion-sep-none fusion-title-text fusion-title-size-six\" style=\"--awb-text-color:var(--awb-color2);--awb-margin-bottom:11%;\"><h6 class=\"fusion-title-heading title-heading-left fusion-responsive-typography-calculated\" style=\"margin:0;--fontSize:15;--minFontSize:15;line-height:var(--awb-typography2-line-height);\">Von einem Wanderpaket, einer Whiskey-Verkostung, einem Spielenachmittag bis hin zu einem kompletten Partyabend&#8230;<\/h6><\/div><div class=\"fusion-title title fusion-title-3 fusion-no-small-visibility fusion-no-medium-visibility fusion-sep-none fusion-title-text fusion-title-size-two\" style=\"--awb-text-color:var(--awb-color1);--awb-font-size:95px;\"><h2 class=\"fusion-title-heading title-heading-left fusion-responsive-typography-calculated\" style=\"margin:0;font-size:1em;--fontSize:95;line-height:1.2;\">Firmenfeier oder Veranstaltung<\/h2><\/div><div class=\"fusion-separator fusion-no-medium-visibility fusion-full-width-sep\" style=\"align-self: center;margin-left: auto;margin-right: auto;margin-bottom:10%;width:100%;\"><\/div><div class=\"fusion-separator fusion-no-large-visibility fusion-full-width-sep\" style=\"align-self: center;margin-left: auto;margin-right: auto;margin-bottom:5%;width:100%;\"><\/div><div ><a class=\"fusion-button button-flat fusion-button-default-size button-custom fusion-button-default button-1 fusion-button-default-span fusion-button-default-type\" style=\"--button_accent_color:var(--awb-color1);--button_border_color:var(--awb-color1);--button_accent_hover_color:var(--awb-color8);--button_border_hover_color:var(--awb-color8);--button_gradient_top_color:hsla(var(--awb-color1-h),var(--awb-color1-s),var(--awb-color1-l),calc(var(--awb-color1-a) - 100%));--button_gradient_bottom_color:hsla(var(--awb-color1-h),var(--awb-color1-s),var(--awb-color1-l),calc(var(--awb-color1-a) - 100%));--button_gradient_top_color_hover:var(--awb-color1);--button_gradient_bottom_color_hover:var(--awb-color1);\" target=\"_self\" href=\"https:\/\/www.dieholzhutte.com\/de\/kontakt\/\"><span class=\"fusion-button-text awb-button__text awb-button__text--default\">Zum Kontakt<\/span><\/a><\/div><\/div><\/div><\/div><\/div><\/div><\/div><\/div><\/p>\n","protected":false},"excerpt":{"rendered":"","protected":false},"author":1,"featured_media":4302,"parent":0,"menu_order":0,"comment_status":"closed","ping_status":"closed","template":"100-width.php","meta":{"footnotes":""},"class_list":["post-4326","page","type-page","status-publish","has-post-thumbnail","hentry"],"yoast_head":"<!-- This site is optimized with the Yoast SEO Premium plugin v26.9 (Yoast SEO v26.9) - https:\/\/yoast.com\/product\/yoast-seo-premium-wordpress\/ -->\n<title>Firmenfeier oder Veranstaltung - Die Holzh\u00fctte, Restaurant &amp; Partycenter<\/title>\n<meta name=\"description\" content=\"Entdecken Sie die perfekte Location f\u00fcr Ihre Firmenfeier in einer stimmungsvollen Holzh\u00fctte. Von einer Whiskey-Verkostung bis hin zu einer kompletten Partynacht.\" \/>\n<meta name=\"robots\" content=\"index, follow, max-snippet:-1, max-image-preview:large, max-video-preview:-1\" \/>\n<link rel=\"canonical\" href=\"https:\/\/www.dieholzhutte.com\/de\/firmenfeier-oder-veranstaltung\/\" \/>\n<meta property=\"og:locale\" content=\"de_DE\" \/>\n<meta property=\"og:type\" content=\"article\" \/>\n<meta property=\"og:title\" content=\"Firmenfeier oder Veranstaltung\" \/>\n<meta property=\"og:description\" content=\"Entdecken Sie die perfekte Location f\u00fcr Ihre Firmenfeier in einer stimmungsvollen Holzh\u00fctte. Von einer Whiskey-Verkostung bis hin zu einer kompletten Partynacht.\" \/>\n<meta property=\"og:url\" content=\"https:\/\/www.dieholzhutte.com\/de\/firmenfeier-oder-veranstaltung\/\" \/>\n<meta property=\"og:site_name\" content=\"Die Holzh\u00fctte, Restaurant &amp; Partycenter\" \/>\n<meta property=\"article:modified_time\" content=\"2024-12-04T12:29:25+00:00\" \/>\n<meta property=\"og:image\" content=\"https:\/\/www.dieholzhutte.com\/wp-content\/uploads\/2024\/11\/Die-Holzhutte-binnenzijde-pand-avond-slider-scaled.jpg\" \/>\n\t<meta property=\"og:image:width\" content=\"2560\" \/>\n\t<meta property=\"og:image:height\" content=\"797\" \/>\n\t<meta property=\"og:image:type\" content=\"image\/jpeg\" \/>\n<meta name=\"twitter:card\" content=\"summary_large_image\" \/>\n<meta name=\"twitter:label1\" content=\"Gesch\u00e4tzte Lesezeit\" \/>\n\t<meta name=\"twitter:data1\" content=\"18\u00a0Minuten\" \/>\n<script type=\"application\/ld+json\" class=\"yoast-schema-graph\">{\"@context\":\"https:\/\/schema.org\",\"@graph\":[{\"@type\":\"WebPage\",\"@id\":\"https:\/\/www.dieholzhutte.com\/de\/firmenfeier-oder-veranstaltung\/\",\"url\":\"https:\/\/www.dieholzhutte.com\/de\/firmenfeier-oder-veranstaltung\/\",\"name\":\"Firmenfeier oder Veranstaltung - Die Holzh\u00fctte, Restaurant &amp; Partycenter\",\"isPartOf\":{\"@id\":\"https:\/\/www.dieholzhutte.com\/de\/#website\"},\"primaryImageOfPage\":{\"@id\":\"https:\/\/www.dieholzhutte.com\/de\/firmenfeier-oder-veranstaltung\/#primaryimage\"},\"image\":{\"@id\":\"https:\/\/www.dieholzhutte.com\/de\/firmenfeier-oder-veranstaltung\/#primaryimage\"},\"thumbnailUrl\":\"https:\/\/www.dieholzhutte.com\/wp-content\/uploads\/2024\/11\/Die-Holzhutte-binnenzijde-pand-avond-slider-scaled.jpg\",\"datePublished\":\"2024-11-22T14:04:58+00:00\",\"dateModified\":\"2024-12-04T12:29:25+00:00\",\"description\":\"Entdecken Sie die perfekte Location f\u00fcr Ihre Firmenfeier in einer stimmungsvollen Holzh\u00fctte. Von einer Whiskey-Verkostung bis hin zu einer kompletten Partynacht.\",\"breadcrumb\":{\"@id\":\"https:\/\/www.dieholzhutte.com\/de\/firmenfeier-oder-veranstaltung\/#breadcrumb\"},\"inLanguage\":\"de\",\"potentialAction\":[{\"@type\":\"ReadAction\",\"target\":[\"https:\/\/www.dieholzhutte.com\/de\/firmenfeier-oder-veranstaltung\/\"]}]},{\"@type\":\"ImageObject\",\"inLanguage\":\"de\",\"@id\":\"https:\/\/www.dieholzhutte.com\/de\/firmenfeier-oder-veranstaltung\/#primaryimage\",\"url\":\"https:\/\/www.dieholzhutte.com\/wp-content\/uploads\/2024\/11\/Die-Holzhutte-binnenzijde-pand-avond-slider-scaled.jpg\",\"contentUrl\":\"https:\/\/www.dieholzhutte.com\/wp-content\/uploads\/2024\/11\/Die-Holzhutte-binnenzijde-pand-avond-slider-scaled.jpg\",\"width\":2560,\"height\":797},{\"@type\":\"BreadcrumbList\",\"@id\":\"https:\/\/www.dieholzhutte.com\/de\/firmenfeier-oder-veranstaltung\/#breadcrumb\",\"itemListElement\":[{\"@type\":\"ListItem\",\"position\":1,\"name\":\"Home\",\"item\":\"https:\/\/www.dieholzhutte.com\/de\/\"},{\"@type\":\"ListItem\",\"position\":2,\"name\":\"Firmenfeier oder Veranstaltung\"}]},{\"@type\":\"WebSite\",\"@id\":\"https:\/\/www.dieholzhutte.com\/de\/#website\",\"url\":\"https:\/\/www.dieholzhutte.com\/de\/\",\"name\":\"Die Holzh\u00fctte, Restaurant & Partycenter\",\"description\":\"Heerlijk eten en genieten in de natuur, vlak over de grens bij Sittard\",\"publisher\":{\"@id\":\"https:\/\/www.dieholzhutte.com\/de\/#organization\"},\"potentialAction\":[{\"@type\":\"SearchAction\",\"target\":{\"@type\":\"EntryPoint\",\"urlTemplate\":\"https:\/\/www.dieholzhutte.com\/de\/?s={search_term_string}\"},\"query-input\":{\"@type\":\"PropertyValueSpecification\",\"valueRequired\":true,\"valueName\":\"search_term_string\"}}],\"inLanguage\":\"de\"},{\"@type\":\"Organization\",\"@id\":\"https:\/\/www.dieholzhutte.com\/de\/#organization\",\"name\":\"Die Holzh\u00fctte, Restaurant & Partycenter\",\"url\":\"https:\/\/www.dieholzhutte.com\/de\/\",\"logo\":{\"@type\":\"ImageObject\",\"inLanguage\":\"de\",\"@id\":\"https:\/\/www.dieholzhutte.com\/de\/#\/schema\/logo\/image\/\",\"url\":\"https:\/\/www.dieholzhutte.com\/wp-content\/uploads\/2024\/11\/cropped-logo-die-holzhutte-site-def.png\",\"contentUrl\":\"https:\/\/www.dieholzhutte.com\/wp-content\/uploads\/2024\/11\/cropped-logo-die-holzhutte-site-def.png\",\"width\":512,\"height\":512,\"caption\":\"Die Holzh\u00fctte, Restaurant & Partycenter\"},\"image\":{\"@id\":\"https:\/\/www.dieholzhutte.com\/de\/#\/schema\/logo\/image\/\"}}]}<\/script>\n<!-- \/ Yoast SEO Premium plugin. -->","yoast_head_json":{"title":"Firmenfeier oder Veranstaltung - Die Holzh\u00fctte, Restaurant &amp; Partycenter","description":"Entdecken Sie die perfekte Location f\u00fcr Ihre Firmenfeier in einer stimmungsvollen Holzh\u00fctte. Von einer Whiskey-Verkostung bis hin zu einer kompletten Partynacht.","robots":{"index":"index","follow":"follow","max-snippet":"max-snippet:-1","max-image-preview":"max-image-preview:large","max-video-preview":"max-video-preview:-1"},"canonical":"https:\/\/www.dieholzhutte.com\/de\/firmenfeier-oder-veranstaltung\/","og_locale":"de_DE","og_type":"article","og_title":"Firmenfeier oder Veranstaltung","og_description":"Entdecken Sie die perfekte Location f\u00fcr Ihre Firmenfeier in einer stimmungsvollen Holzh\u00fctte. Von einer Whiskey-Verkostung bis hin zu einer kompletten Partynacht.","og_url":"https:\/\/www.dieholzhutte.com\/de\/firmenfeier-oder-veranstaltung\/","og_site_name":"Die Holzh\u00fctte, Restaurant &amp; Partycenter","article_modified_time":"2024-12-04T12:29:25+00:00","og_image":[{"width":2560,"height":797,"url":"https:\/\/www.dieholzhutte.com\/wp-content\/uploads\/2024\/11\/Die-Holzhutte-binnenzijde-pand-avond-slider-scaled.jpg","type":"image\/jpeg"}],"twitter_card":"summary_large_image","twitter_misc":{"Gesch\u00e4tzte Lesezeit":"18\u00a0Minuten"},"schema":{"@context":"https:\/\/schema.org","@graph":[{"@type":"WebPage","@id":"https:\/\/www.dieholzhutte.com\/de\/firmenfeier-oder-veranstaltung\/","url":"https:\/\/www.dieholzhutte.com\/de\/firmenfeier-oder-veranstaltung\/","name":"Firmenfeier oder Veranstaltung - Die Holzh\u00fctte, Restaurant &amp; Partycenter","isPartOf":{"@id":"https:\/\/www.dieholzhutte.com\/de\/#website"},"primaryImageOfPage":{"@id":"https:\/\/www.dieholzhutte.com\/de\/firmenfeier-oder-veranstaltung\/#primaryimage"},"image":{"@id":"https:\/\/www.dieholzhutte.com\/de\/firmenfeier-oder-veranstaltung\/#primaryimage"},"thumbnailUrl":"https:\/\/www.dieholzhutte.com\/wp-content\/uploads\/2024\/11\/Die-Holzhutte-binnenzijde-pand-avond-slider-scaled.jpg","datePublished":"2024-11-22T14:04:58+00:00","dateModified":"2024-12-04T12:29:25+00:00","description":"Entdecken Sie die perfekte Location f\u00fcr Ihre Firmenfeier in einer stimmungsvollen Holzh\u00fctte. Von einer Whiskey-Verkostung bis hin zu einer kompletten Partynacht.","breadcrumb":{"@id":"https:\/\/www.dieholzhutte.com\/de\/firmenfeier-oder-veranstaltung\/#breadcrumb"},"inLanguage":"de","potentialAction":[{"@type":"ReadAction","target":["https:\/\/www.dieholzhutte.com\/de\/firmenfeier-oder-veranstaltung\/"]}]},{"@type":"ImageObject","inLanguage":"de","@id":"https:\/\/www.dieholzhutte.com\/de\/firmenfeier-oder-veranstaltung\/#primaryimage","url":"https:\/\/www.dieholzhutte.com\/wp-content\/uploads\/2024\/11\/Die-Holzhutte-binnenzijde-pand-avond-slider-scaled.jpg","contentUrl":"https:\/\/www.dieholzhutte.com\/wp-content\/uploads\/2024\/11\/Die-Holzhutte-binnenzijde-pand-avond-slider-scaled.jpg","width":2560,"height":797},{"@type":"BreadcrumbList","@id":"https:\/\/www.dieholzhutte.com\/de\/firmenfeier-oder-veranstaltung\/#breadcrumb","itemListElement":[{"@type":"ListItem","position":1,"name":"Home","item":"https:\/\/www.dieholzhutte.com\/de\/"},{"@type":"ListItem","position":2,"name":"Firmenfeier oder Veranstaltung"}]},{"@type":"WebSite","@id":"https:\/\/www.dieholzhutte.com\/de\/#website","url":"https:\/\/www.dieholzhutte.com\/de\/","name":"Die Holzh\u00fctte, Restaurant & Partycenter","description":"Heerlijk eten en genieten in de natuur, vlak over de grens bij Sittard","publisher":{"@id":"https:\/\/www.dieholzhutte.com\/de\/#organization"},"potentialAction":[{"@type":"SearchAction","target":{"@type":"EntryPoint","urlTemplate":"https:\/\/www.dieholzhutte.com\/de\/?s={search_term_string}"},"query-input":{"@type":"PropertyValueSpecification","valueRequired":true,"valueName":"search_term_string"}}],"inLanguage":"de"},{"@type":"Organization","@id":"https:\/\/www.dieholzhutte.com\/de\/#organization","name":"Die Holzh\u00fctte, Restaurant & Partycenter","url":"https:\/\/www.dieholzhutte.com\/de\/","logo":{"@type":"ImageObject","inLanguage":"de","@id":"https:\/\/www.dieholzhutte.com\/de\/#\/schema\/logo\/image\/","url":"https:\/\/www.dieholzhutte.com\/wp-content\/uploads\/2024\/11\/cropped-logo-die-holzhutte-site-def.png","contentUrl":"https:\/\/www.dieholzhutte.com\/wp-content\/uploads\/2024\/11\/cropped-logo-die-holzhutte-site-def.png","width":512,"height":512,"caption":"Die Holzh\u00fctte, Restaurant & Partycenter"},"image":{"@id":"https:\/\/www.dieholzhutte.com\/de\/#\/schema\/logo\/image\/"}}]}},"_links":{"self":[{"href":"https:\/\/www.dieholzhutte.com\/de\/wp-json\/wp\/v2\/pages\/4326","targetHints":{"allow":["GET"]}}],"collection":[{"href":"https:\/\/www.dieholzhutte.com\/de\/wp-json\/wp\/v2\/pages"}],"about":[{"href":"https:\/\/www.dieholzhutte.com\/de\/wp-json\/wp\/v2\/types\/page"}],"author":[{"embeddable":true,"href":"https:\/\/www.dieholzhutte.com\/de\/wp-json\/wp\/v2\/users\/1"}],"replies":[{"embeddable":true,"href":"https:\/\/www.dieholzhutte.com\/de\/wp-json\/wp\/v2\/comments?post=4326"}],"version-history":[{"count":8,"href":"https:\/\/www.dieholzhutte.com\/de\/wp-json\/wp\/v2\/pages\/4326\/revisions"}],"predecessor-version":[{"id":4549,"href":"https:\/\/www.dieholzhutte.com\/de\/wp-json\/wp\/v2\/pages\/4326\/revisions\/4549"}],"wp:featuredmedia":[{"embeddable":true,"href":"https:\/\/www.dieholzhutte.com\/de\/wp-json\/wp\/v2\/media\/4302"}],"wp:attachment":[{"href":"https:\/\/www.dieholzhutte.com\/de\/wp-json\/wp\/v2\/media?parent=4326"}],"curies":[{"name":"wp","href":"https:\/\/api.w.org\/{rel}","templated":true}]}}